{"id":25,"date":"2023-09-12T21:59:48","date_gmt":"2023-09-12T21:59:48","guid":{"rendered":"https:\/\/www.arcetec.work\/BasuraCero\/?page_id=25"},"modified":"2025-10-28T16:56:38","modified_gmt":"2025-10-28T21:56:38","slug":"contact-2","status":"publish","type":"page","link":"https:\/\/globalzerowaste.org\/en\/contacto\/","title":{"rendered":"Contact"},"content":{"rendered":"<div data-elementor-type=\"wp-page\" data-elementor-id=\"25\" class=\"elementor elementor-25\" data-elementor-settings=\"{&quot;element_pack_global_tooltip_width&quot;:{&quot;unit&quot;:&quot;px&quot;,&quot;size&quot;:&quot;&quot;,&quot;sizes&quot;:[]},&quot;element_pack_global_tooltip_width_tablet&quot;:{&quot;unit&quot;:&quot;px&quot;,&quot;size&quot;:&quot;&quot;,&quot;sizes&quot;:[]},&quot;element_pack_global_tooltip_width_mobile&quot;:{&quot;unit&quot;:&quot;px&quot;,&quot;size&quot;:&quot;&quot;,&quot;sizes&quot;:[]},&quot;element_pack_global_tooltip_padding&quot;:{&quot;unit&quot;:&quot;px&quot;,&quot;top&quot;:&quot;&quot;,&quot;right&quot;:&quot;&quot;,&quot;bottom&quot;:&quot;&quot;,&quot;left&quot;:&quot;&quot;,&quot;isLinked&quot;:true},&quot;element_pack_global_tooltip_padding_tablet&quot;:{&quot;unit&quot;:&quot;px&quot;,&quot;top&quot;:&quot;&quot;,&quot;right&quot;:&quot;&quot;,&quot;bottom&quot;:&quot;&quot;,&quot;left&quot;:&quot;&quot;,&quot;isLinked&quot;:true},&quot;element_pack_global_tooltip_padding_mobile&quot;:{&quot;unit&quot;:&quot;px&quot;,&quot;top&quot;:&quot;&quot;,&quot;right&quot;:&quot;&quot;,&quot;bottom&quot;:&quot;&quot;,&quot;left&quot;:&quot;&quot;,&quot;isLinked&quot;:true},&quot;element_pack_global_tooltip_border_radius&quot;:{&quot;unit&quot;:&quot;px&quot;,&quot;top&quot;:&quot;&quot;,&quot;right&quot;:&quot;&quot;,&quot;bottom&quot;:&quot;&quot;,&quot;left&quot;:&quot;&quot;,&quot;isLinked&quot;:true},&quot;element_pack_global_tooltip_border_radius_tablet&quot;:{&quot;unit&quot;:&quot;px&quot;,&quot;top&quot;:&quot;&quot;,&quot;right&quot;:&quot;&quot;,&quot;bottom&quot;:&quot;&quot;,&quot;left&quot;:&quot;&quot;,&quot;isLinked&quot;:true},&quot;element_pack_global_tooltip_border_radius_mobile&quot;:{&quot;unit&quot;:&quot;px&quot;,&quot;top&quot;:&quot;&quot;,&quot;right&quot;:&quot;&quot;,&quot;bottom&quot;:&quot;&quot;,&quot;left&quot;:&quot;&quot;,&quot;isLinked&quot;:true}}\" data-elementor-post-type=\"page\">\n\t\t\t\t<div class=\"elementor-element elementor-element-d45deb7 e-flex e-con-boxed e-con e-parent\" data-id=\"d45deb7\" data-element_type=\"container\" data-e-type=\"container\" data-settings=\"{&quot;background_background&quot;:&quot;classic&quot;,&quot;shape_divider_bottom&quot;:&quot;waves&quot;}\">\n\t\t\t\t\t<div class=\"e-con-inner\">\n\t\t\t\t<div class=\"elementor-shape elementor-shape-bottom\" aria-hidden=\"true\" data-negative=\"false\">\n\t\t\t<svg xmlns=\"http:\/\/www.w3.org\/2000\/svg\" viewbox=\"0 0 1000 100\" preserveaspectratio=\"none\">\n\t<path class=\"elementor-shape-fill\" d=\"M421.9,6.5c22.6-2.5,51.5,0.4,75.5,5.3c23.6,4.9,70.9,23.5,100.5,35.7c75.8,32.2,133.7,44.5,192.6,49.7\tc23.6,2.1,48.7,3.5,103.4-2.5c54.7-6,106.2-25.6,106.2-25.6V0H0v30.3c0,0,72,32.6,158.4,30.5c39.2-0.7,92.8-6.7,134-22.4\tc21.2-8.1,52.2-18.2,79.7-24.2C399.3,7.9,411.6,7.5,421.9,6.5z\"\/>\n<\/svg>\t\t<\/div>\n\t\t\t\t<div class=\"elementor-element elementor-element-0a29672 elementor-widget elementor-widget-heading\" data-id=\"0a29672\" data-element_type=\"widget\" data-e-type=\"widget\" data-widget_type=\"heading.default\">\n\t\t\t\t\t<h2 class=\"elementor-heading-title elementor-size-default\">Contact us<\/h2>\t\t\t\t<\/div>\n\t\t\t\t\t<\/div>\n\t\t\t\t<\/div>\n\t\t<div class=\"elementor-element elementor-element-5927b68 e-flex e-con-boxed e-con e-parent\" data-id=\"5927b68\" data-element_type=\"container\" data-e-type=\"container\">\n\t\t\t\t\t<div class=\"e-con-inner\">\n\t\t<div class=\"elementor-element elementor-element-1765ae5 e-flex e-con-boxed e-con e-child\" data-id=\"1765ae5\" data-element_type=\"container\" data-e-type=\"container\">\n\t\t\t\t\t<div class=\"e-con-inner\">\n\t\t<div class=\"elementor-element elementor-element-1a002f8 e-flex e-con-boxed e-con e-child\" data-id=\"1a002f8\" data-element_type=\"container\" data-e-type=\"container\" data-settings=\"{&quot;background_background&quot;:&quot;classic&quot;}\">\n\t\t\t\t\t<div class=\"e-con-inner\">\n\t\t\t\t<div class=\"elementor-element elementor-element-331d615 elementor-invisible elementor-widget elementor-widget-heading\" data-id=\"331d615\" data-element_type=\"widget\" data-e-type=\"widget\" data-settings=\"{&quot;_animation&quot;:&quot;zoomIn&quot;}\" data-widget_type=\"heading.default\">\n\t\t\t\t\t<h2 class=\"elementor-heading-title elementor-size-default\">Let's make things happen!<\/h2>\t\t\t\t<\/div>\n\t\t\t\t\t<\/div>\n\t\t\t\t<\/div>\n\t\t<div class=\"elementor-element elementor-element-15faff3 e-flex e-con-boxed e-con e-child\" data-id=\"15faff3\" data-element_type=\"container\" data-e-type=\"container\">\n\t\t\t\t\t<div class=\"e-con-inner\">\n\t\t\t\t<div class=\"elementor-element elementor-element-77585d4 elementor-widget elementor-widget-hubspot-form\" data-id=\"77585d4\" data-element_type=\"widget\" data-e-type=\"widget\" data-widget_type=\"hubspot-form.default\">\n\t\t\t\t<div class=\"elementor-widget-container\">\n\t\t\t\t\t\n\t\t\t\t\t\t<script>\n\t\t\t\t\t\t\twindow.hsFormsOnReady = window.hsFormsOnReady || [];\n\t\t\t\t\t\t\twindow.hsFormsOnReady.push(()=>{\n\t\t\t\t\t\t\t\thbspt.forms.create({\n\t\t\t\t\t\t\t\t\tportalId: 48247350,\n\t\t\t\t\t\t\t\t\tformId: \"2700f45d-a86c-4d7f-97c4-838cec54615a\",\n\t\t\t\t\t\t\t\t\ttarget: \"#hbspt-form-1776787613000-2805980100\",\n\t\t\t\t\t\t\t\t\tregion: \"na1\",\n\t\t\t\t\t\t\t\t\t\n\t\t\t\t\t\t\t})});\n\t\t\t\t\t\t<\/script>\n\t\t\t\t\t\t<div class=\"hbspt-form\" id=\"hbspt-form-1776787613000-2805980100\"><\/div>\t\t\t\t<\/div>\n\t\t\t\t<\/div>\n\t\t\t\t\t<\/div>\n\t\t\t\t<\/div>\n\t\t\t\t\t<\/div>\n\t\t\t\t<\/div>\n\t\t\t\t\t<\/div>\n\t\t\t\t<\/div>\n\t\t\t\t<\/div>","protected":false},"excerpt":{"rendered":"<p>Contact us Let's make things happen!<\/p>","protected":false},"author":3,"featured_media":0,"parent":0,"menu_order":0,"comment_status":"closed","ping_status":"closed","template":"","meta":{"content-type":"","_joinchat":[],"footnotes":""},"class_list":["post-25","page","type-page","status-publish","hentry"],"yoast_head":"<!-- This site is optimized with the Yoast SEO plugin v27.4 - https:\/\/yoast.com\/product\/yoast-seo-wordpress\/ -->\n<title>Contacto - Global Zero Waste \/ Basura Cero Global<\/title>\n<meta name=\"description\" content=\"Contacto - Global Zero Waste \/ Basura Cero Global\" \/>\n<meta name=\"robots\" content=\"index, follow, max-snippet:-1, max-image-preview:large, max-video-preview:-1\" \/>\n<link rel=\"canonical\" href=\"https:\/\/globalzerowaste.org\/en\/contact-2\/\" \/>\n<meta property=\"og:locale\" content=\"en_US\" \/>\n<meta property=\"og:type\" content=\"article\" \/>\n<meta property=\"og:title\" content=\"Contacto - Global Zero Waste \/ Basura Cero Global\" \/>\n<meta property=\"og:description\" content=\"Contacto - Global Zero Waste \/ Basura Cero Global\" \/>\n<meta property=\"og:url\" content=\"https:\/\/globalzerowaste.org\/en\/contact-2\/\" \/>\n<meta property=\"og:site_name\" content=\"Global Zero Waste \/ Basura Cero Global\" \/>\n<meta property=\"article:publisher\" content=\"https:\/\/www.facebook.com\/globalzerowasteGZW\" \/>\n<meta property=\"article:modified_time\" content=\"2025-10-28T21:56:38+00:00\" \/>\n<meta property=\"og:image\" content=\"https:\/\/globalzerowaste.org\/wp-content\/uploads\/2023\/09\/Logo-Global-Zero-Waste-sin-bordes.png\" \/>\n\t<meta property=\"og:image:width\" content=\"1800\" \/>\n\t<meta property=\"og:image:height\" content=\"689\" \/>\n\t<meta property=\"og:image:type\" content=\"image\/png\" \/>\n<meta name=\"twitter:card\" content=\"summary_large_image\" \/>\n<meta name=\"twitter:site\" content=\"@basuraceroglob\" \/>\n<script type=\"application\/ld+json\" class=\"yoast-schema-graph\">{\"@context\":\"https:\\\/\\\/schema.org\",\"@graph\":[{\"@type\":\"WebPage\",\"@id\":\"https:\\\/\\\/globalzerowaste.org\\\/contacto\\\/\",\"url\":\"https:\\\/\\\/globalzerowaste.org\\\/contacto\\\/\",\"name\":\"Contacto - Global Zero Waste \\\/ Basura Cero Global\",\"isPartOf\":{\"@id\":\"https:\\\/\\\/globalzerowaste.org\\\/#website\"},\"datePublished\":\"2023-09-12T21:59:48+00:00\",\"dateModified\":\"2025-10-28T21:56:38+00:00\",\"description\":\"Contacto - Global Zero Waste \\\/ Basura Cero Global\",\"breadcrumb\":{\"@id\":\"https:\\\/\\\/globalzerowaste.org\\\/contacto\\\/#breadcrumb\"},\"inLanguage\":\"en-US\",\"potentialAction\":[{\"@type\":\"ReadAction\",\"target\":[\"https:\\\/\\\/globalzerowaste.org\\\/contacto\\\/\"]}]},{\"@type\":\"BreadcrumbList\",\"@id\":\"https:\\\/\\\/globalzerowaste.org\\\/contacto\\\/#breadcrumb\",\"itemListElement\":[{\"@type\":\"ListItem\",\"position\":1,\"name\":\"Inicio\",\"item\":\"https:\\\/\\\/globalzerowaste.org\\\/\"},{\"@type\":\"ListItem\",\"position\":2,\"name\":\"Contacto\"}]},{\"@type\":\"WebSite\",\"@id\":\"https:\\\/\\\/globalzerowaste.org\\\/#website\",\"url\":\"https:\\\/\\\/globalzerowaste.org\\\/\",\"name\":\"Global Zero Waste\",\"description\":\"Reducimos costos de materiales y residuos en todo tipo de organizaciones a nivel global. Expertos en Econom\u00eda Circular, Zero Waste y Sostenibilidad en gesti\u00f3n de materiales y residuos s\u00f3lidos (basura cero, residuo cero)\",\"publisher\":{\"@id\":\"https:\\\/\\\/globalzerowaste.org\\\/#organization\"},\"alternateName\":\"GZW - Basura Cero Global\",\"potentialAction\":[{\"@type\":\"SearchAction\",\"target\":{\"@type\":\"EntryPoint\",\"urlTemplate\":\"https:\\\/\\\/globalzerowaste.org\\\/?s={search_term_string}\"},\"query-input\":{\"@type\":\"PropertyValueSpecification\",\"valueRequired\":true,\"valueName\":\"search_term_string\"}}],\"inLanguage\":\"en-US\"},{\"@type\":\"Organization\",\"@id\":\"https:\\\/\\\/globalzerowaste.org\\\/#organization\",\"name\":\"Global Zero Waste\",\"alternateName\":\"GZW - Basura Cero Global\",\"url\":\"https:\\\/\\\/globalzerowaste.org\\\/\",\"logo\":{\"@type\":\"ImageObject\",\"inLanguage\":\"en-US\",\"@id\":\"https:\\\/\\\/globalzerowaste.org\\\/#\\\/schema\\\/logo\\\/image\\\/\",\"url\":\"https:\\\/\\\/globalzerowaste.org\\\/wp-content\\\/uploads\\\/2023\\\/09\\\/Logo-Global-Zero-Waste-sin-bordes.png\",\"contentUrl\":\"https:\\\/\\\/globalzerowaste.org\\\/wp-content\\\/uploads\\\/2023\\\/09\\\/Logo-Global-Zero-Waste-sin-bordes.png\",\"width\":1800,\"height\":689,\"caption\":\"Global Zero Waste\"},\"image\":{\"@id\":\"https:\\\/\\\/globalzerowaste.org\\\/#\\\/schema\\\/logo\\\/image\\\/\"},\"sameAs\":[\"https:\\\/\\\/www.facebook.com\\\/globalzerowasteGZW\",\"https:\\\/\\\/x.com\\\/basuraceroglob\",\"https:\\\/\\\/www.linkedin.com\\\/company\\\/globalzerowaste\\\/posts\\\/?feedView=all\",\"https:\\\/\\\/www.instagram.com\\\/global.zerowaste\\\/\",\"https:\\\/\\\/www.youtube.com\\\/@GlobalZeroWaste\"]}]}<\/script>\n<!-- \/ Yoast SEO plugin. -->","yoast_head_json":{"title":"Contact - Global Zero Waste \/ Global Zero Waste","description":"Contact - Global Zero Waste \/ Global Zero Waste","robots":{"index":"index","follow":"follow","max-snippet":"max-snippet:-1","max-image-preview":"max-image-preview:large","max-video-preview":"max-video-preview:-1"},"canonical":"https:\/\/globalzerowaste.org\/en\/contact-2\/","og_locale":"en_US","og_type":"article","og_title":"Contacto - Global Zero Waste \/ Basura Cero Global","og_description":"Contacto - Global Zero Waste \/ Basura Cero Global","og_url":"https:\/\/globalzerowaste.org\/en\/contact-2\/","og_site_name":"Global Zero Waste \/ Basura Cero Global","article_publisher":"https:\/\/www.facebook.com\/globalzerowasteGZW","article_modified_time":"2025-10-28T21:56:38+00:00","og_image":[{"width":1800,"height":689,"url":"https:\/\/globalzerowaste.org\/wp-content\/uploads\/2023\/09\/Logo-Global-Zero-Waste-sin-bordes.png","type":"image\/png"}],"twitter_card":"summary_large_image","twitter_site":"@basuraceroglob","schema":{"@context":"https:\/\/schema.org","@graph":[{"@type":"WebPage","@id":"https:\/\/globalzerowaste.org\/contacto\/","url":"https:\/\/globalzerowaste.org\/contacto\/","name":"Contact - Global Zero Waste \/ Global Zero Waste","isPartOf":{"@id":"https:\/\/globalzerowaste.org\/#website"},"datePublished":"2023-09-12T21:59:48+00:00","dateModified":"2025-10-28T21:56:38+00:00","description":"Contact - Global Zero Waste \/ Global Zero Waste","breadcrumb":{"@id":"https:\/\/globalzerowaste.org\/contacto\/#breadcrumb"},"inLanguage":"en-US","potentialAction":[{"@type":"ReadAction","target":["https:\/\/globalzerowaste.org\/contacto\/"]}]},{"@type":"BreadcrumbList","@id":"https:\/\/globalzerowaste.org\/contacto\/#breadcrumb","itemListElement":[{"@type":"ListItem","position":1,"name":"Inicio","item":"https:\/\/globalzerowaste.org\/"},{"@type":"ListItem","position":2,"name":"Contacto"}]},{"@type":"WebSite","@id":"https:\/\/globalzerowaste.org\/#website","url":"https:\/\/globalzerowaste.org\/","name":"Global Zero Waste","description":"We reduce material and waste costs in all types of organizations globally. Experts in Circular Economy, Zero Waste and Sustainability in materials and solid waste management (zero waste, zero residue).","publisher":{"@id":"https:\/\/globalzerowaste.org\/#organization"},"alternateName":"GZW - Basura Cero Global","potentialAction":[{"@type":"SearchAction","target":{"@type":"EntryPoint","urlTemplate":"https:\/\/globalzerowaste.org\/?s={search_term_string}"},"query-input":{"@type":"PropertyValueSpecification","valueRequired":true,"valueName":"search_term_string"}}],"inLanguage":"en-US"},{"@type":"Organization","@id":"https:\/\/globalzerowaste.org\/#organization","name":"Global Zero Waste","alternateName":"GZW - Basura Cero Global","url":"https:\/\/globalzerowaste.org\/","logo":{"@type":"ImageObject","inLanguage":"en-US","@id":"https:\/\/globalzerowaste.org\/#\/schema\/logo\/image\/","url":"https:\/\/globalzerowaste.org\/wp-content\/uploads\/2023\/09\/Logo-Global-Zero-Waste-sin-bordes.png","contentUrl":"https:\/\/globalzerowaste.org\/wp-content\/uploads\/2023\/09\/Logo-Global-Zero-Waste-sin-bordes.png","width":1800,"height":689,"caption":"Global Zero Waste"},"image":{"@id":"https:\/\/globalzerowaste.org\/#\/schema\/logo\/image\/"},"sameAs":["https:\/\/www.facebook.com\/globalzerowasteGZW","https:\/\/x.com\/basuraceroglob","https:\/\/www.linkedin.com\/company\/globalzerowaste\/posts\/?feedView=all","https:\/\/www.instagram.com\/global.zerowaste\/","https:\/\/www.youtube.com\/@GlobalZeroWaste"]}]}},"_links":{"self":[{"href":"https:\/\/globalzerowaste.org\/en\/wp-json\/wp\/v2\/pages\/25","targetHints":{"allow":["GET"]}}],"collection":[{"href":"https:\/\/globalzerowaste.org\/en\/wp-json\/wp\/v2\/pages"}],"about":[{"href":"https:\/\/globalzerowaste.org\/en\/wp-json\/wp\/v2\/types\/page"}],"author":[{"embeddable":true,"href":"https:\/\/globalzerowaste.org\/en\/wp-json\/wp\/v2\/users\/3"}],"replies":[{"embeddable":true,"href":"https:\/\/globalzerowaste.org\/en\/wp-json\/wp\/v2\/comments?post=25"}],"version-history":[{"count":75,"href":"https:\/\/globalzerowaste.org\/en\/wp-json\/wp\/v2\/pages\/25\/revisions"}],"predecessor-version":[{"id":5968,"href":"https:\/\/globalzerowaste.org\/en\/wp-json\/wp\/v2\/pages\/25\/revisions\/5968"}],"wp:attachment":[{"href":"https:\/\/globalzerowaste.org\/en\/wp-json\/wp\/v2\/media?parent=25"}],"curies":[{"name":"wp","href":"https:\/\/api.w.org\/{rel}","templated":true}]}}